{"id":5707,"date":"2015-02-19T09:48:19","date_gmt":"2015-02-19T09:48:19","guid":{"rendered":"http:\/\/demo2.wpresidence.net\/?page_id=5707"},"modified":"2015-02-19T09:48:19","modified_gmt":"2015-02-19T09:48:19","slug":"contacto","status":"publish","type":"page","link":"https:\/\/inmueblesl4.com\/index.php\/contacto\/","title":{"rendered":"Contacto"},"content":{"rendered":"\n<p>\u00danete a la gran familia WpResidence.<br>Escribe tu propia historia dentro de una compa\u00f1\u00eda l\u00edder en el sector inmobiliario.<\/p>\n\n\n\n<div style=\"height:20px\" aria-hidden=\"true\" class=\"wp-block-spacer\"><\/div>\n\n\n\n<p>Ya sea que est\u00e9 buscando una propiedad en venta en Espa\u00f1a o una propiedad en alquiler, WP Residence facilita la b\u00fasqueda. Ofrecemos a nuestros clientes una gran cantidad de conocimientos sobre todos los aspectos de la compra o venta de una vivienda.<\/p>\n\n\n\n<div style=\"height:20px\" aria-hidden=\"true\" class=\"wp-block-spacer\"><\/div>\n\n\n\n<p>No dude en contactarnos para cualquier pregunta o demanda.<\/p>\n","protected":false},"excerpt":{"rendered":"<p>\u00danete a la gran familia WpResidence.Escribe tu propia historia dentro de una compa\u00f1\u00eda l\u00edder en el sector inmobiliario. Ya sea que est\u00e9 buscando una propiedad en venta en Espa\u00f1a o una propiedad en alquiler, WP Residence facilita la b\u00fasqueda. Ofrecemos a nuestros clientes una gran cantidad de conocimientos sobre todos los aspectos de la compra o venta de una vivienda. No dude en contactarnos &#8230;<\/p>\n","protected":false},"author":1,"featured_media":0,"parent":0,"menu_order":0,"comment_status":"open","ping_status":"open","template":"contact_page.php","meta":{"inline_featured_image":false,"footnotes":""},"_links":{"self":[{"href":"https:\/\/inmueblesl4.com\/index.php\/wp-json\/wp\/v2\/pages\/5707"}],"collection":[{"href":"https:\/\/inmueblesl4.com\/index.php\/wp-json\/wp\/v2\/pages"}],"about":[{"href":"https:\/\/inmueblesl4.com\/index.php\/wp-json\/wp\/v2\/types\/page"}],"author":[{"embeddable":true,"href":"https:\/\/inmueblesl4.com\/index.php\/wp-json\/wp\/v2\/users\/1"}],"replies":[{"embeddable":true,"href":"https:\/\/inmueblesl4.com\/index.php\/wp-json\/wp\/v2\/comments?post=5707"}],"version-history":[{"count":0,"href":"https:\/\/inmueblesl4.com\/index.php\/wp-json\/wp\/v2\/pages\/5707\/revisions"}],"wp:attachment":[{"href":"https:\/\/inmueblesl4.com\/index.php\/wp-json\/wp\/v2\/media?parent=5707"}],"curies":[{"name":"wp","href":"https:\/\/api.w.org\/{rel}","templated":true}]}}